{"id":86,"date":"2025-06-30T16:48:38","date_gmt":"2025-06-30T16:48:38","guid":{"rendered":"https:\/\/syncrosw.com\/?page_id=86"},"modified":"2025-09-29T06:09:55","modified_gmt":"2025-09-29T06:09:55","slug":"home","status":"publish","type":"page","link":"https:\/\/syncrosw.com\/","title":{"rendered":"Inicio"},"content":{"rendered":"\n\n\n<h1><strong><\/strong>Optimiza el tiempo en tu empresa<\/h1>\n<p style=\"text-align: center;\"><span style=\"color: rgb(238, 236, 225); font-size: x-large;\">Con SYNCRO equilibra los tiempos de tu organizaci\u00f3n, control de asistencias,tiempos bajo control, rutina equilibrada, paz diaria<\/span><\/p>\n\n\n\n\n\n\n\n\n\n\n\n\n<p>Con SYNCRO tu personal ficha desde su m\u00f3vil en solo dos segundos.<\/p>\n\n<p>Verifica en tiempo real desde qu\u00e9 local o punto geogr\u00e1fico marca asistencia tu equipo.<br data-start=\"549\" data-end=\"552\"><\/p>\n\n\n<p style=\"text-align: center;\"><p style=\"text-align: center;\"><\/p><p style=\"text-align: center;\"><\/p><p style=\"text-align: center;\"><\/p><p style=\"text-align: center;\"><\/p><h2><\/h2><strong style=\"font-size: x-large;\">SIN DEMOS<\/strong><p><\/p><p><\/p><p><\/p><\/p>\n\n<p style=\"text-align: center;\"><p style=\"text-align: center;\"><\/p><p style=\"text-align: center;\"><\/p><p style=\"text-align: center;\"><\/p><p style=\"text-align: center;\"><\/p><p style=\"text-align: center;\"><\/p><h2><\/h2><font size=\"5\"><strong>PRUEBA GRATIS<\/strong><\/font><p><\/p><p><\/p><p><\/p><p><\/p><\/p>\n<p style=\"text-align: center;\"><span style=\"font-weight: 700; text-align: center; font-size: x-large;\">&nbsp;EMPIEZA A USARLA DESDE EL PRIMER DIA GRATIS<\/span><\/p>\n<p style=\"font-size: large; text-align: justify;\">Con SYNCRO cada selfie es un marcaje seguro: reconocimiento facial y GPS validan qui\u00e9n, cu\u00e1ndo y d\u00f3nde en segundos. El sistema calcula horas, ausencias y tardanzas en tiempo real, con alertas autom\u00e1ticas a tu m\u00f3vil. Inst\u00e1lalo sin hardware extra y obt\u00e9n reportes en Excel con respaldo autom\u00e1tico. Ya.<\/p>\n\n\n<p>Olv\u00eddate del papeleo y controla la asistencia y horarios en un solo lugar.<\/p>\n<p>No necesitas equipos costosos: con un smartphone tu empresa ya est\u00e1 lista para usar SYNCRO.<br data-start=\"702\" data-end=\"705\"><\/p>\n\n\n\n\n\n\n<h1>\u00abCon Syncro controlo mucho mejor las asistencias del personal\u00bb.<\/h1>\nKelly Morales, Gerente General IHF Per\u00fa\n\n\n\n\n\n\n\n\n<h1>Consulta lo que quieras!! Cont\u00e1ctanos!!!<\/h1>\n\n\n\n\n\n\n\n\n","protected":false},"excerpt":{"rendered":"","protected":false},"author":1,"featured_media":0,"parent":0,"menu_order":0,"comment_status":"closed","ping_status":"closed","template":"","meta":{"pagelayer_contact_templates":[],"_pagelayer_content":"","footnotes":""},"class_list":["post-86","page","type-page","status-publish","hentry"],"yoast_head":"<!-- This site is optimized with the Yoast SEO plugin v25.3.1 - https:\/\/yoast.com\/wordpress\/plugins\/seo\/ -->\n<title>Inicio - SYNCRO<\/title>\n<meta name=\"robots\" content=\"index, follow, max-snippet:-1, max-image-preview:large, max-video-preview:-1\" \/>\n<link rel=\"canonical\" href=\"https:\/\/syncrosw.com\/\" \/>\n<meta property=\"og:locale\" content=\"es_ES\" \/>\n<meta property=\"og:type\" content=\"article\" \/>\n<meta property=\"og:title\" content=\"Inicio - SYNCRO\" \/>\n<meta property=\"og:url\" content=\"https:\/\/syncrosw.com\/\" \/>\n<meta property=\"og:site_name\" content=\"SYNCRO\" \/>\n<meta property=\"article:modified_time\" content=\"2025-09-29T06:09:55+00:00\" \/>\n<meta name=\"twitter:card\" content=\"summary_large_image\" \/>\n<meta name=\"twitter:label1\" content=\"Tiempo de lectura\" \/>\n\t<meta name=\"twitter:data1\" content=\"2 minutos\" \/>\n<script type=\"application\/ld+json\" class=\"yoast-schema-graph\">{\"@context\":\"https:\/\/schema.org\",\"@graph\":[{\"@type\":\"WebPage\",\"@id\":\"https:\/\/syncrosw.com\/\",\"url\":\"https:\/\/syncrosw.com\/\",\"name\":\"Inicio - SYNCRO\",\"isPartOf\":{\"@id\":\"https:\/\/syncrosw.com\/#website\"},\"datePublished\":\"2025-06-30T16:48:38+00:00\",\"dateModified\":\"2025-09-29T06:09:55+00:00\",\"breadcrumb\":{\"@id\":\"https:\/\/syncrosw.com\/#breadcrumb\"},\"inLanguage\":\"es\",\"potentialAction\":[{\"@type\":\"ReadAction\",\"target\":[\"https:\/\/syncrosw.com\/\"]}]},{\"@type\":\"BreadcrumbList\",\"@id\":\"https:\/\/syncrosw.com\/#breadcrumb\",\"itemListElement\":[{\"@type\":\"ListItem\",\"position\":1,\"name\":\"Portada\",\"item\":\"https:\/\/syncrosw.com\/\"},{\"@type\":\"ListItem\",\"position\":2,\"name\":\"Inicio\"}]},{\"@type\":\"WebSite\",\"@id\":\"https:\/\/syncrosw.com\/#website\",\"url\":\"https:\/\/syncrosw.com\/\",\"name\":\"SYNCRO\",\"description\":\"El nuevo reloj de tu equipo.\",\"potentialAction\":[{\"@type\":\"SearchAction\",\"target\":{\"@type\":\"EntryPoint\",\"urlTemplate\":\"https:\/\/syncrosw.com\/?s={search_term_string}\"},\"query-input\":{\"@type\":\"PropertyValueSpecification\",\"valueRequired\":true,\"valueName\":\"search_term_string\"}}],\"inLanguage\":\"es\"}]}<\/script>\n<!-- \/ Yoast SEO plugin. -->","yoast_head_json":{"title":"Inicio - SYNCRO","robots":{"index":"index","follow":"follow","max-snippet":"max-snippet:-1","max-image-preview":"max-image-preview:large","max-video-preview":"max-video-preview:-1"},"canonical":"https:\/\/syncrosw.com\/","og_locale":"es_ES","og_type":"article","og_title":"Inicio - SYNCRO","og_url":"https:\/\/syncrosw.com\/","og_site_name":"SYNCRO","article_modified_time":"2025-09-29T06:09:55+00:00","twitter_card":"summary_large_image","twitter_misc":{"Tiempo de lectura":"2 minutos"},"schema":{"@context":"https:\/\/schema.org","@graph":[{"@type":"WebPage","@id":"https:\/\/syncrosw.com\/","url":"https:\/\/syncrosw.com\/","name":"Inicio - SYNCRO","isPartOf":{"@id":"https:\/\/syncrosw.com\/#website"},"datePublished":"2025-06-30T16:48:38+00:00","dateModified":"2025-09-29T06:09:55+00:00","breadcrumb":{"@id":"https:\/\/syncrosw.com\/#breadcrumb"},"inLanguage":"es","potentialAction":[{"@type":"ReadAction","target":["https:\/\/syncrosw.com\/"]}]},{"@type":"BreadcrumbList","@id":"https:\/\/syncrosw.com\/#breadcrumb","itemListElement":[{"@type":"ListItem","position":1,"name":"Portada","item":"https:\/\/syncrosw.com\/"},{"@type":"ListItem","position":2,"name":"Inicio"}]},{"@type":"WebSite","@id":"https:\/\/syncrosw.com\/#website","url":"https:\/\/syncrosw.com\/","name":"SYNCRO","description":"El nuevo reloj de tu equipo.","potentialAction":[{"@type":"SearchAction","target":{"@type":"EntryPoint","urlTemplate":"https:\/\/syncrosw.com\/?s={search_term_string}"},"query-input":{"@type":"PropertyValueSpecification","valueRequired":true,"valueName":"search_term_string"}}],"inLanguage":"es"}]}},"_links":{"self":[{"href":"https:\/\/syncrosw.com\/index.php?rest_route=\/wp\/v2\/pages\/86","targetHints":{"allow":["GET"]}}],"collection":[{"href":"https:\/\/syncrosw.com\/index.php?rest_route=\/wp\/v2\/pages"}],"about":[{"href":"https:\/\/syncrosw.com\/index.php?rest_route=\/wp\/v2\/types\/page"}],"author":[{"embeddable":true,"href":"https:\/\/syncrosw.com\/index.php?rest_route=\/wp\/v2\/users\/1"}],"replies":[{"embeddable":true,"href":"https:\/\/syncrosw.com\/index.php?rest_route=%2Fwp%2Fv2%2Fcomments&post=86"}],"version-history":[{"count":30,"href":"https:\/\/syncrosw.com\/index.php?rest_route=\/wp\/v2\/pages\/86\/revisions"}],"predecessor-version":[{"id":198,"href":"https:\/\/syncrosw.com\/index.php?rest_route=\/wp\/v2\/pages\/86\/revisions\/198"}],"wp:attachment":[{"href":"https:\/\/syncrosw.com\/index.php?rest_route=%2Fwp%2Fv2%2Fmedia&parent=86"}],"curies":[{"name":"wp","href":"https:\/\/api.w.org\/{rel}","templated":true}]}}